{"id":9,"date":"2010-08-28T09:51:01","date_gmt":"2010-08-28T09:51:01","guid":{"rendered":"http:\/\/www.mglos.se\/wp\/?page_id=2"},"modified":"2026-02-18T11:38:49","modified_gmt":"2026-02-18T10:38:49","slug":"om","status":"publish","type":"page","link":"https:\/\/mglos.se\/?page_id=9","title":{"rendered":"Kontakt"},"content":{"rendered":"<p><a href=\"https:\/\/mglos.se\/wp-content\/uploads\/2016\/03\/Phones.gif\"><img loading=\"lazy\" decoding=\"async\" class=\"alignnone size-full wp-image-1002\" src=\"https:\/\/mglos.se\/wp-content\/uploads\/2016\/03\/Phones.gif\" alt=\"\" width=\"48\" height=\"48\" \/><\/a><\/p>\n<p>Firma Maj-Gun Johansson, Sommarslingan 32, 832 96 Fr\u00f6s\u00f6n<br \/>\nMaj-Gun Johansson<br \/>\nmaj-gun@mglos.se<br \/>\n070-211 67 04<\/p>\n<p>Tekniska fr\u00e5gor:<br \/>\nBj\u00f6rn Johansson<br \/>\nbjorn.johansson@gorbo.se<\/p>\n<p><a href=\"https:\/\/mglos.se\/wp-content\/uploads\/2016\/03\/Mail.gif\"><img loading=\"lazy\" decoding=\"async\" class=\"alignnone size-full wp-image-995\" src=\"https:\/\/mglos.se\/wp-content\/uploads\/2016\/03\/Mail.gif\" alt=\"\" width=\"48\" height=\"48\" \/><\/a><\/p>\n","protected":false},"excerpt":{"rendered":"<p>Firma Maj-Gun Johansson, Sommarslingan 32, 832 96 Fr\u00f6s\u00f6n Maj-Gun Johansson maj-gun@mglos.se 070-211 67 04 Tekniska fr\u00e5gor: Bj\u00f6rn Johansson bjorn.johansson@gorbo.se <a href=\"https:\/\/mglos.se\/?page_id=9\">Forts\u00e4tt l\u00e4sa <span class=\"meta-nav\">&rarr;<\/span><\/a><\/p>\n","protected":false},"author":2,"featured_media":0,"parent":0,"menu_order":0,"comment_status":"closed","ping_status":"closed","template":"","meta":{"footnotes":""},"class_list":["post-9","page","type-page","status-publish","hentry"],"_links":{"self":[{"href":"https:\/\/mglos.se\/index.php?rest_route=\/wp\/v2\/pages\/9","targetHints":{"allow":["GET"]}}],"collection":[{"href":"https:\/\/mglos.se\/index.php?rest_route=\/wp\/v2\/pages"}],"about":[{"href":"https:\/\/mglos.se\/index.php?rest_route=\/wp\/v2\/types\/page"}],"author":[{"embeddable":true,"href":"https:\/\/mglos.se\/index.php?rest_route=\/wp\/v2\/users\/2"}],"replies":[{"embeddable":true,"href":"https:\/\/mglos.se\/index.php?rest_route=%2Fwp%2Fv2%2Fcomments&post=9"}],"version-history":[{"count":2,"href":"https:\/\/mglos.se\/index.php?rest_route=\/wp\/v2\/pages\/9\/revisions"}],"predecessor-version":[{"id":2345,"href":"https:\/\/mglos.se\/index.php?rest_route=\/wp\/v2\/pages\/9\/revisions\/2345"}],"wp:attachment":[{"href":"https:\/\/mglos.se\/index.php?rest_route=%2Fwp%2Fv2%2Fmedia&parent=9"}],"curies":[{"name":"wp","href":"https:\/\/api.w.org\/{rel}","templated":true}]}}