{"id":84,"date":"2010-09-02T16:15:17","date_gmt":"2010-09-02T14:15:17","guid":{"rendered":"http:\/\/www.mglos.se\/wp\/?page_id=84"},"modified":"2022-01-10T11:32:39","modified_gmt":"2022-01-10T10:32:39","slug":"prislista-mg-progam","status":"publish","type":"page","link":"https:\/\/mglos.se\/?page_id=84","title":{"rendered":"Prislista MG-progam"},"content":{"rendered":"\n<p><strong>MG Program 2015 \u2013 Prislista f\u00f6rsta licens\u00e5ret <\/strong><\/p>\n\n\n\n<p><strong>Rabatt ges med 50 kr\/elevkonto och licens\u00e5r ner till 200 kr<\/strong> &nbsp;<\/p>\n\n\n\n<figure class=\"wp-block-table\"><table><tbody><tr><td><strong>L\u00e4rare&nbsp;<\/strong><\/td><td><strong>Elever<\/strong><\/td><td><strong>Summa hel\u00e5rslicens <\/strong><br><strong>(exkl. moms)<\/strong><\/td><\/tr><tr><td><strong>Antal <\/strong><br><strong>konton<\/strong><\/td><td><strong>Antal <\/strong><br><strong>konton<\/strong><\/td><td><\/td><\/tr><tr><td>1<\/td><td>5<\/td><td>1750<\/td><\/tr><tr><td>1<\/td><td>6<\/td><td>2100<\/td><\/tr><tr><td>1<\/td><td>7<\/td><td>2450<\/td><\/tr><tr><td>1<\/td><td>8<\/td><td>2800<\/td><\/tr><tr><td>1<\/td><td>9<\/td><td>3150<\/td><\/tr><tr><td>2<\/td><td>10<\/td><td>3500<\/td><\/tr><tr><td>2<\/td><td>11<\/td><td>3850<\/td><\/tr><tr><td>2<\/td><td>12<\/td><td>4200<\/td><\/tr><tr><td>2<\/td><td>13<\/td><td>4550<\/td><\/tr><tr><td>2<\/td><td>14<\/td><td>4900<\/td><\/tr><tr><td>2<\/td><td>15<\/td><td>5250<\/td><\/tr><tr><td>2<\/td><td>16<\/td><td>5600<\/td><\/tr><tr><td>2<\/td><td>17<\/td><td>5950<\/td><\/tr><tr><td>2<\/td><td>18<\/td><td>6300<\/td><\/tr><tr><td>2<\/td><td>19<\/td><td>6650<\/td><\/tr><tr><td>3<\/td><td>20<\/td><td>7000<\/td><\/tr><tr><td>3<\/td><td>21<\/td><td>7350<\/td><\/tr><tr><td>3<\/td><td>22<\/td><td>7700<\/td><\/tr><tr><td>3<\/td><td>23<\/td><td>8050<\/td><\/tr><tr><td>3<\/td><td>24<\/td><td>8400<\/td><\/tr><tr><td>3<\/td><td>25<\/td><td>8750<\/td><\/tr><tr><td>3<\/td><td>26<\/td><td>9100<\/td><\/tr><tr><td>3<\/td><td>27<\/td><td>9450<\/td><\/tr><tr><td>3<\/td><td>28<\/td><td>9800<\/td><\/tr><tr><td>3<\/td><td>29<\/td><td>10150<\/td><\/tr><tr><td>4<\/td><td>30<\/td><td>10500<\/td><\/tr><tr><td>4<\/td><td>31<\/td><td>10850<\/td><\/tr><tr><td>4<\/td><td>32<\/td><td>11200<\/td><\/tr><tr><td>4<\/td><td>33<\/td><td>11550<\/td><\/tr><tr><td>4<\/td><td>34<\/td><td>11900<\/td><\/tr><tr><td>4<\/td><td>35<\/td><td>12250<\/td><\/tr><tr><td>4<\/td><td>36<\/td><td>12600<\/td><\/tr><tr><td>4<\/td><td>37<\/td><td>12950<\/td><\/tr><tr><td>4<\/td><td>38<\/td><td>13300<\/td><\/tr><tr><td>4<\/td><td>39<\/td><td>13650<\/td><\/tr><tr><td>5<\/td><td>40<\/td><td>14000<\/td><\/tr><tr><td><\/td><td><\/td><td><\/td><\/tr><tr><td><strong> Extra l\u00e4rarkonto 500:- per \u00e5r<\/strong><\/td><td><\/td><\/tr><\/tbody><\/table><\/figure>\n\n\n\n<p><\/p>\n\n\n\n<div class=\"wp-block-columns is-layout-flex wp-container-core-columns-is-layout-9d6595d7 wp-block-columns-is-layout-flex\"><\/div>\n\n\n\n<p><\/p>\n","protected":false},"excerpt":{"rendered":"<p>MG Program 2015 \u2013 Prislista f\u00f6rsta licens\u00e5ret Rabatt ges med 50 kr\/elevkonto och licens\u00e5r ner till 200 kr &nbsp; L\u00e4rare&nbsp; Elever Summa hel\u00e5rslicens (exkl. moms) Antal konton Antal konton 1 5 1750 1 6 2100 1 7 2450 1 8 &hellip; <a href=\"https:\/\/mglos.se\/?page_id=84\">Forts\u00e4tt l\u00e4sa <span class=\"meta-nav\">&rarr;<\/span><\/a> <a href=\"https:\/\/mglos.se\/?page_id=84\">Forts\u00e4tt l\u00e4sa <span class=\"meta-nav\">&rarr;<\/span><\/a><\/p>\n","protected":false},"author":2,"featured_media":0,"parent":0,"menu_order":0,"comment_status":"closed","ping_status":"closed","template":"","meta":{"footnotes":""},"class_list":["post-84","page","type-page","status-publish","hentry"],"_links":{"self":[{"href":"https:\/\/mglos.se\/index.php?rest_route=\/wp\/v2\/pages\/84","targetHints":{"allow":["GET"]}}],"collection":[{"href":"https:\/\/mglos.se\/index.php?rest_route=\/wp\/v2\/pages"}],"about":[{"href":"https:\/\/mglos.se\/index.php?rest_route=\/wp\/v2\/types\/page"}],"author":[{"embeddable":true,"href":"https:\/\/mglos.se\/index.php?rest_route=\/wp\/v2\/users\/2"}],"replies":[{"embeddable":true,"href":"https:\/\/mglos.se\/index.php?rest_route=%2Fwp%2Fv2%2Fcomments&post=84"}],"version-history":[{"count":9,"href":"https:\/\/mglos.se\/index.php?rest_route=\/wp\/v2\/pages\/84\/revisions"}],"predecessor-version":[{"id":1753,"href":"https:\/\/mglos.se\/index.php?rest_route=\/wp\/v2\/pages\/84\/revisions\/1753"}],"wp:attachment":[{"href":"https:\/\/mglos.se\/index.php?rest_route=%2Fwp%2Fv2%2Fmedia&parent=84"}],"curies":[{"name":"wp","href":"https:\/\/api.w.org\/{rel}","templated":true}]}}