{"id":720,"date":"2020-03-01T23:19:32","date_gmt":"2020-03-01T21:19:32","guid":{"rendered":"http:\/\/www.mglos.se\/wp\/?page_id=720"},"modified":"2022-01-11T12:25:09","modified_gmt":"2022-01-11T11:25:09","slug":"riktvarden-och-installningar-for-diagnoser","status":"publish","type":"page","link":"https:\/\/mglos.se\/?page_id=720","title":{"rendered":"Riktv\u00e4rden och inst\u00e4llningar f\u00f6r diagnoser"},"content":{"rendered":"\n<p>Riktv\u00e4rden och inst\u00e4llningar finns f\u00f6r diagnoser i \u00e5k 1, 2, 5 och 8 i maj, <a href=\"https:\/\/mglos.se\/arkivet\/Riktvarden_diagnospaket_2.pdf\">se l\u00e4nk <\/a><\/p>\n\n\n\n<p>Diagnoser omfattar fyra i \u00e5k 1 och 2 och fem i \u00e5k 5 och 8 och kan genomf\u00f6ras vid ett tillf\u00e4lle. Total testtid ca 15 min.<\/p>\n\n\n\n<p>Diagnoserna ligger samlade i paket som kan \u00f6verl\u00e4mnas till l\u00e4rares egna \u00f6vningspaket. Meddela oss i s\u00e5 fall ditt l\u00e4rar-ID.<\/p>\n\n\n\n<p><\/p>\n\n\n\n<figure class=\"wp-block-image size-full\"><img loading=\"lazy\" decoding=\"async\" width=\"768\" height=\"712\" src=\"https:\/\/mglos.se\/wp-content\/uploads\/2020\/02\/Diagnospaket-768x712.jpg\" alt=\"\" class=\"wp-image-1199\" srcset=\"https:\/\/mglos.se\/wp-content\/uploads\/2020\/02\/Diagnospaket-768x712.jpg 768w, https:\/\/mglos.se\/wp-content\/uploads\/2020\/02\/Diagnospaket-768x712-300x278.jpg 300w\" sizes=\"auto, (max-width: 768px) 100vw, 768px\" \/><\/figure>\n","protected":false},"excerpt":{"rendered":"<p>Riktv\u00e4rden och inst\u00e4llningar finns f\u00f6r diagnoser i \u00e5k 1, 2, 5 och 8 i maj, se l\u00e4nk Diagnoser omfattar fyra i \u00e5k 1 och 2 och fem i \u00e5k 5 och 8 och kan genomf\u00f6ras vid ett tillf\u00e4lle. Total testtid &hellip; <a href=\"https:\/\/mglos.se\/?page_id=720\">Forts\u00e4tt l\u00e4sa <span class=\"meta-nav\">&rarr;<\/span><\/a> <a href=\"https:\/\/mglos.se\/?page_id=720\">Forts\u00e4tt l\u00e4sa <span class=\"meta-nav\">&rarr;<\/span><\/a><\/p>\n","protected":false},"author":1,"featured_media":0,"parent":0,"menu_order":0,"comment_status":"closed","ping_status":"closed","template":"","meta":{"footnotes":""},"class_list":["post-720","page","type-page","status-publish","hentry"],"_links":{"self":[{"href":"https:\/\/mglos.se\/index.php?rest_route=\/wp\/v2\/pages\/720","targetHints":{"allow":["GET"]}}],"collection":[{"href":"https:\/\/mglos.se\/index.php?rest_route=\/wp\/v2\/pages"}],"about":[{"href":"https:\/\/mglos.se\/index.php?rest_route=\/wp\/v2\/types\/page"}],"author":[{"embeddable":true,"href":"https:\/\/mglos.se\/index.php?rest_route=\/wp\/v2\/users\/1"}],"replies":[{"embeddable":true,"href":"https:\/\/mglos.se\/index.php?rest_route=%2Fwp%2Fv2%2Fcomments&post=720"}],"version-history":[{"count":2,"href":"https:\/\/mglos.se\/index.php?rest_route=\/wp\/v2\/pages\/720\/revisions"}],"predecessor-version":[{"id":1794,"href":"https:\/\/mglos.se\/index.php?rest_route=\/wp\/v2\/pages\/720\/revisions\/1794"}],"wp:attachment":[{"href":"https:\/\/mglos.se\/index.php?rest_route=%2Fwp%2Fv2%2Fmedia&parent=720"}],"curies":[{"name":"wp","href":"https:\/\/api.w.org\/{rel}","templated":true}]}}