{"id":503,"date":"2017-09-04T20:26:33","date_gmt":"2017-09-04T18:26:33","guid":{"rendered":"http:\/\/www.mglos.se\/wp\/?page_id=503"},"modified":"2017-09-04T20:26:33","modified_gmt":"2017-09-04T18:26:33","slug":"versionshistorik","status":"publish","type":"page","link":"https:\/\/mglos.se\/?page_id=503","title":{"rendered":"Versionshistorik"},"content":{"rendered":"<h3>Version 1.3 &#8211; september 2017<\/h3>\n<h3>F\u00f6r\u00e4ndringar\/f\u00f6rb\u00e4ttringar av inst\u00e4llningar och presentation vid tr\u00e4ning:<\/h3>\n<ul>\n<li>\u00c5tg\u00e4rdat problem med att programmets huvudf\u00f6nster ibland lagt sig framf\u00f6r tr\u00e4ningsf\u00f6nstret i samband med uppspelning av l\u00e4ngre ljudfiler (\u00f6ver 5 sek). Ingen flash-cardpresentation f\u00f6rr\u00e4n uppspelningen \u00e4r f\u00e4rdig. N\u00e4sta-knappen dimmad tills all presentation \u00e4r avslutad och eleven svarat.<\/li>\n<li>En kort paustid har i Hitta Ord programmen lagts till mellan presentation och visning av de alternativa svaren.<\/li>\n<li>L\u00e4gsta intervall f\u00f6r tidspress har h\u00f6jts i Hitta Ord, tidigare var maxtiden 500 ms som blev f\u00f6r kort f\u00f6r speciellt fraser och meningar.<\/li>\n<li>V\u00e4rden p\u00e5 tidspressen st\u00e4lls nu in med pil upp och ner. Tidigare h\u00e4ngde sig programmet om man raderade maxv\u00e4rdet p\u00e5 tidspressen.<\/li>\n<li>Under elevens flik &#8221;Till tr\u00e4ning&#8221; har justeringar gjorts n\u00e4r det inte finns n\u00e5gra tilldelade \u00f6vningar i listan. Det gick tidigare klicka p\u00e5 flera knappar som inte skulle vara tillg\u00e4ngliga.<\/li>\n<\/ul>\n<h3>F\u00f6r\u00e4ndringar\/f\u00f6rb\u00e4ttringar vid Uppl\u00e4gg av tr\u00e4ning:<\/h3>\n<ul>\n<li>Tydligare information om att l\u00e4rare f\u00f6rst m\u00e5ste v\u00e4lja elev innan det blir m\u00f6jligt att l\u00e4gga till \u00f6vningar fr\u00e5n bl\u00e5 rutan.<\/li>\n<\/ul>\n<h3>F\u00f6r\u00e4ndringar\/f\u00f6rb\u00e4ttringar vid Mina elever:<\/h3>\n<ul>\n<li>Att ett bra resultat leder till att \u00f6vningen tas bort \u00e4r nu valbart, men grundinst\u00e4llningen \u00e4r att \u00f6vningar tas bort.<\/li>\n<\/ul>\n<h3>F\u00f6r\u00e4ndringar\/f\u00f6rb\u00e4ttringar vid G\u00f6ra egna \u00f6vningar:<\/h3>\n<ul>\n<li>Ordet Nytt borttaget i cellerna, nu helt rena. L\u00e4rare slipper radera Nytt, kan direkt b\u00f6rja skriva in ord\/fraser etc.<\/li>\n<li>Radering i cell fungerar utan att n\u00e5got gammalt ligger kvar.<\/li>\n<li>Knapp f\u00f6r att Visa markerad \u00f6vning har lagts till under Mina egna \u00f6vningar. Det inneb\u00e4r att l\u00e4rare vid inskrivning av ny \u00f6vning samtidigt kan ha framme en redan gjord \u00f6vning. Detta g\u00e4ller ocks\u00e5 f\u00f6r de Visa knappar som finns under Uppl\u00e4gg tr\u00e4ning. M\u00f6jlighet finns ocks\u00e5 att kopiera \u00f6ver ord fr\u00e5n de visade \u00f6vningarna. F\u00f6nstret med den visade befintliga \u00f6vningen ligger kvar tills det st\u00e4ngs manuellt.<\/li>\n<\/ul>\n<h3>F\u00f6rb\u00e4ttring i resultatloggen:<\/h3>\n<ul>\n<li>Statistikrutan fungerar stabilare, st\u00e4ller sig inte l\u00e4ngre p\u00e5 0 efter n\u00e5gra sorteringar.<\/li>\n<\/ul>\n<h3><\/h3>\n<h3>Version 1.2 &#8211; augusti 2016<\/h3>\n<h3>F\u00f6r alla anv\u00e4ndare:<\/h3>\n<ul>\n<li>Nu g\u00e5r det endast att starta en instans av programmet. Detta ska f\u00f6rhindra att man av misstag startar programmet flera g\u00e5nger och p\u00e5 s\u00e5 s\u00e4tt \u201dkastar ut\u201d sig sj\u00e4lv.<\/li>\n<li>Kommunikationsprotokollet \u00f6ver internet till server \u00e4r f\u00f6r\u00e4ndrat. Prestandan har blivit b\u00e4ttre, vilket bland annat medf\u00f6r att programmet startar snabbare j\u00e4mf\u00f6rt med tidigare version.<\/li>\n<\/ul>\n<h3>F\u00f6r l\u00e4rare och elever:<\/h3>\n<ul>\n<li>Det finns nu ett enklare s\u00e4tt vid \u00f6verl\u00e4mning av inloggningsuppgifter mellan l\u00e4rare och elever. I denna version kan l\u00e4rare skicka en kod till eleven, vilket b\u00f6r bli en enklare hantering f\u00f6r b\u00e5de l\u00e4rare och elev. F\u00f6r administrat\u00f6rer och l\u00e4rare fungerar aktiveringen av automatisk inloggning som tidigare.<\/li>\n<\/ul>\n<h3>F\u00f6r l\u00e4rare:<\/h3>\n<ul>\n<li>F\u00f6rut gick det av misstag att spara inloggningsuppgifter f\u00f6r ett inloggningskonto som inte tilldelats n\u00e5gon elev. Detta ledde till ett felmeddelande och nu \u00e4r funktionen endast tillg\u00e4nglig n\u00e4r kontot tilldelats en elev.<\/li>\n<\/ul>\n","protected":false},"excerpt":{"rendered":"<p>Version 1.3 &#8211; september 2017 F\u00f6r\u00e4ndringar\/f\u00f6rb\u00e4ttringar av inst\u00e4llningar och presentation vid tr\u00e4ning: \u00c5tg\u00e4rdat problem med att programmets huvudf\u00f6nster ibland lagt sig framf\u00f6r tr\u00e4ningsf\u00f6nstret i samband med uppspelning av l\u00e4ngre ljudfiler (\u00f6ver 5 sek). Ingen flash-cardpresentation f\u00f6rr\u00e4n uppspelningen \u00e4r f\u00e4rdig. N\u00e4sta-knappen &hellip; <a href=\"https:\/\/mglos.se\/?page_id=503\">Forts\u00e4tt l\u00e4sa <span class=\"meta-nav\">&rarr;<\/span><\/a> <a href=\"https:\/\/mglos.se\/?page_id=503\">Forts\u00e4tt l\u00e4sa <span class=\"meta-nav\">&rarr;<\/span><\/a><\/p>\n","protected":false},"author":2,"featured_media":0,"parent":0,"menu_order":0,"comment_status":"closed","ping_status":"closed","template":"","meta":{"footnotes":""},"class_list":["post-503","page","type-page","status-publish","hentry"],"_links":{"self":[{"href":"https:\/\/mglos.se\/index.php?rest_route=\/wp\/v2\/pages\/503","targetHints":{"allow":["GET"]}}],"collection":[{"href":"https:\/\/mglos.se\/index.php?rest_route=\/wp\/v2\/pages"}],"about":[{"href":"https:\/\/mglos.se\/index.php?rest_route=\/wp\/v2\/types\/page"}],"author":[{"embeddable":true,"href":"https:\/\/mglos.se\/index.php?rest_route=\/wp\/v2\/users\/2"}],"replies":[{"embeddable":true,"href":"https:\/\/mglos.se\/index.php?rest_route=%2Fwp%2Fv2%2Fcomments&post=503"}],"version-history":[{"count":0,"href":"https:\/\/mglos.se\/index.php?rest_route=\/wp\/v2\/pages\/503\/revisions"}],"wp:attachment":[{"href":"https:\/\/mglos.se\/index.php?rest_route=%2Fwp%2Fv2%2Fmedia&parent=503"}],"curies":[{"name":"wp","href":"https:\/\/api.w.org\/{rel}","templated":true}]}}