{"id":226,"date":"2016-03-16T11:49:20","date_gmt":"2016-03-16T09:49:20","guid":{"rendered":"http:\/\/www.mglos.se\/wp\/?page_id=226"},"modified":"2026-02-19T10:13:56","modified_gmt":"2026-02-19T09:13:56","slug":"manualer","status":"publish","type":"page","link":"https:\/\/mglos.se\/?page_id=226","title":{"rendered":"Manualer f\u00f6r MG-Program 2015"},"content":{"rendered":"<p style=\"text-align: left;\"><img loading=\"lazy\" decoding=\"async\" class=\"alignnone size-full wp-image-985 alignright\" src=\"https:\/\/mglos.se\/wp-content\/uploads\/2016\/03\/Help-book.gif\" alt=\"\" width=\"48\" height=\"48\">Det finns fyra manualer som installeras tillsammans med programmet. L\u00e4nkarna h\u00e4r nedanf\u00f6r leder till&nbsp;dessa pdf-filer.<\/p>\n<p><a href=\"https:\/\/mglos.se\/arkivet\/Manual_allman.pdf\" target=\"_blank\" rel=\"noopener\">Manual Allm\u00e4n<\/a><\/p>\n<p><a href=\"https:\/\/mglos.se\/arkivet\/Manual_Larare.pdf\" target=\"_blank\" rel=\"noopener\">Manual f\u00f6r L\u00e4rare<\/a><\/p>\n<p><a href=\"https:\/\/mglos.se\/arkivet\/Manual_Elev.pdf\" target=\"_blank\" rel=\"noopener\">Manual f\u00f6r Elev<\/a><\/p>\n<p><a href=\"https:\/\/mglos.se\/arkivet\/Manual_Administrator.pdf\" target=\"_blank\" rel=\"noopener\">Manual f\u00f6r Administrat\u00f6r<\/a><\/p>\n\n\n<p><\/p>\n","protected":false},"excerpt":{"rendered":"<p>Det finns fyra manualer som installeras tillsammans med programmet. L\u00e4nkarna h\u00e4r nedanf\u00f6r leder till&nbsp;dessa pdf-filer. Manual Allm\u00e4n Manual f\u00f6r L\u00e4rare Manual f\u00f6r Elev Manual f\u00f6r Administrat\u00f6r <a href=\"https:\/\/mglos.se\/?page_id=226\">Forts\u00e4tt l\u00e4sa <span class=\"meta-nav\">&rarr;<\/span><\/a><\/p>\n","protected":false},"author":2,"featured_media":0,"parent":0,"menu_order":0,"comment_status":"closed","ping_status":"closed","template":"","meta":{"footnotes":""},"class_list":["post-226","page","type-page","status-publish","hentry"],"_links":{"self":[{"href":"https:\/\/mglos.se\/index.php?rest_route=\/wp\/v2\/pages\/226","targetHints":{"allow":["GET"]}}],"collection":[{"href":"https:\/\/mglos.se\/index.php?rest_route=\/wp\/v2\/pages"}],"about":[{"href":"https:\/\/mglos.se\/index.php?rest_route=\/wp\/v2\/types\/page"}],"author":[{"embeddable":true,"href":"https:\/\/mglos.se\/index.php?rest_route=\/wp\/v2\/users\/2"}],"replies":[{"embeddable":true,"href":"https:\/\/mglos.se\/index.php?rest_route=%2Fwp%2Fv2%2Fcomments&post=226"}],"version-history":[{"count":5,"href":"https:\/\/mglos.se\/index.php?rest_route=\/wp\/v2\/pages\/226\/revisions"}],"predecessor-version":[{"id":2347,"href":"https:\/\/mglos.se\/index.php?rest_route=\/wp\/v2\/pages\/226\/revisions\/2347"}],"wp:attachment":[{"href":"https:\/\/mglos.se\/index.php?rest_route=%2Fwp%2Fv2%2Fmedia&parent=226"}],"curies":[{"name":"wp","href":"https:\/\/api.w.org\/{rel}","templated":true}]}}