{"id":2072,"date":"2023-09-11T17:49:37","date_gmt":"2023-09-11T15:49:37","guid":{"rendered":"https:\/\/mglos.se\/?page_id=2072"},"modified":"2023-10-12T11:29:43","modified_gmt":"2023-10-12T09:29:43","slug":"ls-filmklipp-pa-lasforstaelsetraning","status":"publish","type":"page","link":"https:\/\/mglos.se\/?page_id=2072","title":{"rendered":"LS Filmklipp p\u00e5 L\u00e4sf\u00f6rst\u00e5elsetr\u00e4ningen"},"content":{"rendered":"\n<p><em>Filmklippen \u00e4r p\u00e5 vardera ca 14 min<\/em><\/p>\n\n\n\n<div class=\"wp-block-media-text alignwide is-stacked-on-mobile\" style=\"grid-template-columns:15% auto\"><figure class=\"wp-block-media-text__media\"><img loading=\"lazy\" decoding=\"async\" width=\"271\" height=\"186\" src=\"https:\/\/mglos.se\/wp-content\/uploads\/2016\/03\/filmikon1.png\" alt=\"\" class=\"wp-image-983 size-full\"\/><\/figure><div class=\"wp-block-media-text__content\">\n<h2 class=\"wp-block-heading\"><a href=\"https:\/\/mglos.se\/\/arkivet\/LS_Filmklipp_1_teori_konstruktion.mp44\" data-type=\"URL\">Filmklipp 1 <\/a><a href=\"https:\/\/mglos.se\/arkivet\/LS_Filmklipp_1_teori_konstruktion.mp4\">Teori och Konstruktion<\/a><\/h2>\n<\/div><\/div>\n\n\n\n<div class=\"wp-block-media-text alignwide is-stacked-on-mobile\" style=\"grid-template-columns:15% auto\"><figure class=\"wp-block-media-text__media\"><img loading=\"lazy\" decoding=\"async\" width=\"271\" height=\"186\" src=\"https:\/\/mglos.se\/wp-content\/uploads\/2016\/03\/filmikon1.png\" alt=\"\" class=\"wp-image-983 size-full\"\/><\/figure><div class=\"wp-block-media-text__content\">\n<h2 class=\"wp-block-heading\"><a href=\"https:\/\/mglos.se\/arkivet\/LS_filmklipp_2_praktisk_genomgang.mp4\">Filmklipp 2 Praktisk genomg\u00e5ng<\/a><\/h2>\n<\/div><\/div>\n\n\n\n<h3 class=\"wp-block-heading\">Materialet s\u00e4ljs av Hogrefe\/Psykologif\u00f6rlaget, <a href=\"https:\/\/hogrefe.se\/las-och-skrivformaga\/ls-lasforstaelsetraning\/\">https:\/\/hogrefe.se\/las-och-skrivformaga\/ls-lasforstaelsetraning\/<\/a>.<\/h3>\n","protected":false},"excerpt":{"rendered":"<p>Filmklippen \u00e4r p\u00e5 vardera ca 14 min Filmklipp 1 Teori och Konstruktion Filmklipp 2 Praktisk genomg\u00e5ng Materialet s\u00e4ljs av Hogrefe\/Psykologif\u00f6rlaget, https:\/\/hogrefe.se\/las-och-skrivformaga\/ls-lasforstaelsetraning\/.<\/p>\n","protected":false},"author":1,"featured_media":0,"parent":0,"menu_order":0,"comment_status":"closed","ping_status":"closed","template":"","meta":{"footnotes":""},"class_list":["post-2072","page","type-page","status-publish","hentry"],"_links":{"self":[{"href":"https:\/\/mglos.se\/index.php?rest_route=\/wp\/v2\/pages\/2072","targetHints":{"allow":["GET"]}}],"collection":[{"href":"https:\/\/mglos.se\/index.php?rest_route=\/wp\/v2\/pages"}],"about":[{"href":"https:\/\/mglos.se\/index.php?rest_route=\/wp\/v2\/types\/page"}],"author":[{"embeddable":true,"href":"https:\/\/mglos.se\/index.php?rest_route=\/wp\/v2\/users\/1"}],"replies":[{"embeddable":true,"href":"https:\/\/mglos.se\/index.php?rest_route=%2Fwp%2Fv2%2Fcomments&post=2072"}],"version-history":[{"count":35,"href":"https:\/\/mglos.se\/index.php?rest_route=\/wp\/v2\/pages\/2072\/revisions"}],"predecessor-version":[{"id":2141,"href":"https:\/\/mglos.se\/index.php?rest_route=\/wp\/v2\/pages\/2072\/revisions\/2141"}],"wp:attachment":[{"href":"https:\/\/mglos.se\/index.php?rest_route=%2Fwp%2Fv2%2Fmedia&parent=2072"}],"curies":[{"name":"wp","href":"https:\/\/api.w.org\/{rel}","templated":true}]}}