{"id":1981,"date":"2023-05-31T11:17:33","date_gmt":"2023-05-31T09:17:33","guid":{"rendered":"https:\/\/mglos.se\/?page_id=1981"},"modified":"2026-02-19T10:16:34","modified_gmt":"2026-02-19T09:16:34","slug":"nyheter","status":"publish","type":"page","link":"https:\/\/mglos.se\/?page_id=1981","title":{"rendered":"Nyheter l\u00e4sf\u00f6rst\u00e5elsetr\u00e4ning"},"content":{"rendered":"\n<p>\u00c4ntligen klart \u00e4r tr\u00e4ningsmaterialet i l\u00e4sf\u00f6rst\u00e5else som p\u00e5 yt- och djupniv\u00e5 analyserar l\u00e4sf\u00f6rm\u00e5gan, allt f\u00f6r att ge tydlig pedagogisk v\u00e4gledning om vilka moment elever beh\u00f6ver tr\u00e4na p\u00e5. Materialet s\u00e4ljs av Hogrefe\/Psykologif\u00f6rlaget, <a href=\"https:\/\/hogrefe.se\/las-och-skrivformaga\/ls-lasforstaelsetraning\/\">https:\/\/hogrefe.se\/las-och-skrivformaga\/ls-lasforstaelsetraning\/<\/a>.<\/p>\n\n\n\n<p><\/p>\n\n\n\n<div class=\"wp-block-media-text alignwide is-stacked-on-mobile\" style=\"grid-template-columns:26% auto\"><figure class=\"wp-block-media-text__media\"><img loading=\"lazy\" decoding=\"async\" width=\"265\" height=\"359\" src=\"https:\/\/mglos.se\/wp-content\/uploads\/2023\/07\/LSMG.png\" alt=\"\" class=\"wp-image-2006 size-full\" srcset=\"https:\/\/mglos.se\/wp-content\/uploads\/2023\/07\/LSMG.png 265w, https:\/\/mglos.se\/wp-content\/uploads\/2023\/07\/LSMG-221x300.png 221w\" sizes=\"auto, (max-width: 265px) 100vw, 265px\" \/><\/figure><div class=\"wp-block-media-text__content\">\n<p><span style=\"font-size: 14.0pt;\">Det ena:<\/span><\/p>\n<p><span style=\"font-size: 14.0pt;\">&#8221;<em>L\u00e4sf\u00f6rst\u00e5elsetr\u00e4ning f\u00f6r mellan- och h\u00f6gstadiet<\/em>&#8221; kan anv\u00e4ndas fr\u00e5n \u00e5k 4 och upp\u00e5t.<\/span><\/p>\n<\/div><\/div>\n\n\n<p><\/p>\n<p><!-- \/wp:post-content --><\/p>\n<p><!-- \/wp:media-text --><\/p>\n<p><!-- wp:media-text {\"mediaId\":2008,\"mediaLink\":\"https:\/\/mglos.se\/?attachment_id=2008\",\"mediaType\":\"image\",\"mediaWidth\":25} --><\/p>\n<div class=\"wp-block-media-text alignwide is-stacked-on-mobile\" style=\"grid-template-columns: 25% auto;\">\n<figure class=\"wp-block-media-text__media\"><img loading=\"lazy\" decoding=\"async\" width=\"259\" height=\"354\" class=\"wp-image-2008 size-full\" src=\"https:\/\/mglos.se\/wp-content\/uploads\/2023\/07\/LSHGY-2.png\" alt=\"\" srcset=\"https:\/\/mglos.se\/wp-content\/uploads\/2023\/07\/LSHGY-2.png 259w, https:\/\/mglos.se\/wp-content\/uploads\/2023\/07\/LSHGY-2-219x300.png 219w\" sizes=\"auto, (max-width: 259px) 100vw, 259px\" \/><\/figure>\n<div class=\"wp-block-media-text__content\"><!-- wp:freeform --><p><\/p>\n<p><span style=\"font-size: 14.0pt;\">Det andra:<\/span><\/p>\n<p><!-- \/wp:paragraph --><!-- wp:paragraph {\"placeholder\":\"Inneh\u00e5ll \u2026\"} --><\/p>\n<p><span style=\"font-size: 14.0pt;\">&#8221;<em>L\u00e4sf\u00f6rst\u00e5elsetr\u00e4ning f\u00f6r h\u00f6gstadiet<br>och gymnasiet<\/em>&#8221; kan anv\u00e4ndas fr\u00e5n \u00e5k 7 och upp\u00e5t.<\/span><\/p>\n<p><\/p>\n<p><!-- \/wp:paragraph --><\/p>\n<p><!-- \/wp:freeform --><\/p>\n<\/div>\n<\/div>\n<p><!-- \/wp:media-text --><\/p>\n<p><!-- wp:paragraph --><\/p>\n<p>Materialens uppbyggnad baseras p\u00e5 de evidensbaserade LS-diagnoserna f\u00f6r h\u00f6gstadiet och gymnasiet.<\/p>\n<p><!-- \/wp:paragraph --><\/p>","protected":false},"excerpt":{"rendered":"<p>\u00c4ntligen klart \u00e4r tr\u00e4ningsmaterialet i l\u00e4sf\u00f6rst\u00e5else som p\u00e5 yt- och djupniv\u00e5 analyserar l\u00e4sf\u00f6rm\u00e5gan, allt f\u00f6r att ge tydlig pedagogisk v\u00e4gledning om vilka moment elever beh\u00f6ver tr\u00e4na p\u00e5. Materialet s\u00e4ljs av Hogrefe\/Psykologif\u00f6rlaget, https:\/\/hogrefe.se\/las-och-skrivformaga\/ls-lasforstaelsetraning\/. Det ena: &#8221;L\u00e4sf\u00f6rst\u00e5elsetr\u00e4ning f\u00f6r mellan- och h\u00f6gstadiet&#8221; kan &hellip; <a href=\"https:\/\/mglos.se\/?page_id=1981\">Forts\u00e4tt l\u00e4sa <span class=\"meta-nav\">&rarr;<\/span><\/a><\/p>\n","protected":false},"author":1,"featured_media":0,"parent":0,"menu_order":0,"comment_status":"closed","ping_status":"closed","template":"","meta":{"footnotes":""},"class_list":["post-1981","page","type-page","status-publish","hentry"],"_links":{"self":[{"href":"https:\/\/mglos.se\/index.php?rest_route=\/wp\/v2\/pages\/1981","targetHints":{"allow":["GET"]}}],"collection":[{"href":"https:\/\/mglos.se\/index.php?rest_route=\/wp\/v2\/pages"}],"about":[{"href":"https:\/\/mglos.se\/index.php?rest_route=\/wp\/v2\/types\/page"}],"author":[{"embeddable":true,"href":"https:\/\/mglos.se\/index.php?rest_route=\/wp\/v2\/users\/1"}],"replies":[{"embeddable":true,"href":"https:\/\/mglos.se\/index.php?rest_route=%2Fwp%2Fv2%2Fcomments&post=1981"}],"version-history":[{"count":7,"href":"https:\/\/mglos.se\/index.php?rest_route=\/wp\/v2\/pages\/1981\/revisions"}],"predecessor-version":[{"id":2348,"href":"https:\/\/mglos.se\/index.php?rest_route=\/wp\/v2\/pages\/1981\/revisions\/2348"}],"wp:attachment":[{"href":"https:\/\/mglos.se\/index.php?rest_route=%2Fwp%2Fv2%2Fmedia&parent=1981"}],"curies":[{"name":"wp","href":"https:\/\/api.w.org\/{rel}","templated":true}]}}