{"id":1813,"date":"2022-01-12T11:43:22","date_gmt":"2022-01-12T10:43:22","guid":{"rendered":"https:\/\/mglos.se\/?page_id=1813"},"modified":"2023-10-13T12:15:34","modified_gmt":"2023-10-13T10:15:34","slug":"dubbelteckning-pris-bestallning","status":"publish","type":"page","link":"https:\/\/mglos.se\/?page_id=1813","title":{"rendered":"Dubbelteckning Pris &#038; Best\u00e4llning"},"content":{"rendered":"\n<figure class=\"wp-block-image size-full is-resized\"><img loading=\"lazy\" decoding=\"async\" src=\"https:\/\/mglos.se\/wp-content\/uploads\/2022\/03\/Dubbelteck_sid1.jpg\" alt=\"\" class=\"wp-image-1878\" width=\"116\" height=\"170\" srcset=\"https:\/\/mglos.se\/wp-content\/uploads\/2022\/03\/Dubbelteck_sid1.jpg 402w, https:\/\/mglos.se\/wp-content\/uploads\/2022\/03\/Dubbelteck_sid1-205x300.jpg 205w\" sizes=\"auto, (max-width: 116px) 100vw, 116px\" \/><\/figure>\n\n\n\n<p class=\"has-background has-medium-font-size\" style=\"background-color:#d2f2c2\"><a><strong>Dubbeltecknings\u00f6vningar<\/strong><\/a> <strong>till MG-programmen<\/strong><\/p>\n\n\n\n<p class=\"has-background\" style=\"background-color:#d3f2c4\">Dubbelteckning &#8211; Papper- och Penna-\u00f6vningar med h\u00e4nvisning till l\u00e4mpliga \u00f6vningar i MG-programmen. L\u00e4raren har fri kopieringsr\u00e4tt till sina elever. <a href=\"https:\/\/mglos.se\/arkivet\/Dubbelteckning.pdf\">Inneh\u00e5ll och exempel:<\/a><\/p>\n\n\n\n<p class=\"has-background\" style=\"background-color:#d3f0c7\">Leverans: Materialet skickas ut som PDF-fil till uppgiven kontaktpersons e-post.&nbsp;<\/p>\n\n\n\n<p class=\"has-background\" style=\"background-color:#d3f0c7\">Pris: 400 kr f\u00f6r PDF-filen inneh\u00e5llande 43 sidor. &nbsp;Priset \u00e4r exklusive moms (6 %).<\/p>\n\n\n\n<p class=\"has-background\" style=\"background-color:#d3f0c7\">Best\u00e4lls via e-post: <a href=\"mailto:maj-gun@mglos.se\">e-post: maj-gun@mglos.se<\/a><\/p>\n\n\n\n<p class=\"has-background\" style=\"background-color:#d3f0c7\">Vid best\u00e4llning beh\u00f6vs f\u00f6ljande uppgifter:<br>\u2013 Kontaktperson<br>\u2013 Leverans\/e-post -och Faktureringsuppgifter. OBS! Ange GLN-nummer f\u00f6r elektronisk fakturering eller om fakturan ska skickas i PDF-format.<\/p>\n\n\n\n<p class=\"has-background\" style=\"background-color:#d3f0c7\">Bekr\u00e4ftelse p\u00e5 best\u00e4llning besvaras inom en vecka. Inget skickas utan bekr\u00e4ftelse.<\/p>\n","protected":false},"excerpt":{"rendered":"<p>Dubbeltecknings\u00f6vningar till MG-programmen Dubbelteckning &#8211; Papper- och Penna-\u00f6vningar med h\u00e4nvisning till l\u00e4mpliga \u00f6vningar i MG-programmen. L\u00e4raren har fri kopieringsr\u00e4tt till sina elever. Inneh\u00e5ll och exempel: Leverans: Materialet skickas ut som PDF-fil till uppgiven kontaktpersons e-post.&nbsp; Pris: 400 kr f\u00f6r PDF-filen &hellip; <a href=\"https:\/\/mglos.se\/?page_id=1813\">Forts\u00e4tt l\u00e4sa <span class=\"meta-nav\">&rarr;<\/span><\/a><\/p>\n","protected":false},"author":1,"featured_media":0,"parent":0,"menu_order":0,"comment_status":"closed","ping_status":"closed","template":"","meta":{"footnotes":""},"class_list":["post-1813","page","type-page","status-publish","hentry"],"_links":{"self":[{"href":"https:\/\/mglos.se\/index.php?rest_route=\/wp\/v2\/pages\/1813","targetHints":{"allow":["GET"]}}],"collection":[{"href":"https:\/\/mglos.se\/index.php?rest_route=\/wp\/v2\/pages"}],"about":[{"href":"https:\/\/mglos.se\/index.php?rest_route=\/wp\/v2\/types\/page"}],"author":[{"embeddable":true,"href":"https:\/\/mglos.se\/index.php?rest_route=\/wp\/v2\/users\/1"}],"replies":[{"embeddable":true,"href":"https:\/\/mglos.se\/index.php?rest_route=%2Fwp%2Fv2%2Fcomments&post=1813"}],"version-history":[{"count":13,"href":"https:\/\/mglos.se\/index.php?rest_route=\/wp\/v2\/pages\/1813\/revisions"}],"predecessor-version":[{"id":2155,"href":"https:\/\/mglos.se\/index.php?rest_route=\/wp\/v2\/pages\/1813\/revisions\/2155"}],"wp:attachment":[{"href":"https:\/\/mglos.se\/index.php?rest_route=%2Fwp%2Fv2%2Fmedia&parent=1813"}],"curies":[{"name":"wp","href":"https:\/\/api.w.org\/{rel}","templated":true}]}}