{"id":1584,"date":"2022-01-07T12:38:49","date_gmt":"2022-01-07T11:38:49","guid":{"rendered":"https:\/\/mglos.se\/?page_id=1584"},"modified":"2022-01-07T12:39:23","modified_gmt":"2022-01-07T11:39:23","slug":"diagnostisering-atgarder-och-utvardering","status":"publish","type":"page","link":"https:\/\/mglos.se\/?page_id=1584","title":{"rendered":"Diagnostisering, \u00e5tg\u00e4rder och utv\u00e4rdering"},"content":{"rendered":"\n<p><\/p>\n\n\n\n<p><strong>Endagarskurs med f\u00f6ljande inneh\u00e5ll<\/strong>:<\/p>\n\n\n\n<p>\u00b7 Den funktions\/processanalytiska arbetsmodellen.<\/p>\n\n\n\n<p>. Aktuell forskning om l\u00e4sstrategier, ordsegmentering och tidsbegr\u00e4nsad l\u00e4str\u00e4ning<\/p>\n\n\n\n<p>\u00b7 Varf\u00f6r b\u00f6r man diagnostisera elevers l\u00e4s- och stavningsf\u00f6rm\u00e5ga?<\/p>\n\n\n\n<p>\u00b7 Kvantitativa\/kartl\u00e4ggande diagnoser fr\u00e5n skolstarten till gymnasiet .<\/p>\n\n\n\n<p>\u00b7 Kvalitativa djupdiagnoser av Maj-Gun Johansson.<\/p>\n\n\n\n<p>\u00b7 \u00c5tg\u00e4rder utifr\u00e5n fallbeskrivningar.<\/p>\n\n\n\n<p>\u00b7 Talsyntes och digitaliserat tal, olika typer av &#8221;datorprat&#8221; som kan kompensera l\u00e4s- och skrivhandikappet.<\/p>\n\n\n\n<p>\u00b7 MG-program med flash-card metoden, en vetenskapligt bepr\u00f6vad metod f\u00f6r \u00f6kat l\u00e4sflyt. Med resultatstyrd exponeringstid kommer &#8221;chansare&#8221; att bromsas upp och &#8221;tragglare&#8221; att skyndas p\u00e5.&nbsp;<\/p>\n\n\n\n<p>\u00b7 Utv\u00e4rdering &#8211; olika s\u00e4tt att ta reda p\u00e5 om \u00e5tg\u00e4rderna varit effektiva.<\/p>\n\n\n\n<p>M\u00e5lgrupp: Speciall\u00e4rare\/talpedagog etc. med grundl\u00e4ggande kunskaper om dyslexi\/l\u00e4s- och skrivsv\u00e5righeter<\/p>\n","protected":false},"excerpt":{"rendered":"<p>Endagarskurs med f\u00f6ljande inneh\u00e5ll: \u00b7 Den funktions\/processanalytiska arbetsmodellen. . Aktuell forskning om l\u00e4sstrategier, ordsegmentering och tidsbegr\u00e4nsad l\u00e4str\u00e4ning \u00b7 Varf\u00f6r b\u00f6r man diagnostisera elevers l\u00e4s- och stavningsf\u00f6rm\u00e5ga? \u00b7 Kvantitativa\/kartl\u00e4ggande diagnoser fr\u00e5n skolstarten till gymnasiet . \u00b7 Kvalitativa djupdiagnoser av Maj-Gun Johansson. &hellip; <a href=\"https:\/\/mglos.se\/?page_id=1584\">Forts\u00e4tt l\u00e4sa <span class=\"meta-nav\">&rarr;<\/span><\/a><\/p>\n","protected":false},"author":1,"featured_media":0,"parent":0,"menu_order":0,"comment_status":"closed","ping_status":"closed","template":"","meta":{"footnotes":""},"class_list":["post-1584","page","type-page","status-publish","hentry"],"_links":{"self":[{"href":"https:\/\/mglos.se\/index.php?rest_route=\/wp\/v2\/pages\/1584","targetHints":{"allow":["GET"]}}],"collection":[{"href":"https:\/\/mglos.se\/index.php?rest_route=\/wp\/v2\/pages"}],"about":[{"href":"https:\/\/mglos.se\/index.php?rest_route=\/wp\/v2\/types\/page"}],"author":[{"embeddable":true,"href":"https:\/\/mglos.se\/index.php?rest_route=\/wp\/v2\/users\/1"}],"replies":[{"embeddable":true,"href":"https:\/\/mglos.se\/index.php?rest_route=%2Fwp%2Fv2%2Fcomments&post=1584"}],"version-history":[{"count":2,"href":"https:\/\/mglos.se\/index.php?rest_route=\/wp\/v2\/pages\/1584\/revisions"}],"predecessor-version":[{"id":1586,"href":"https:\/\/mglos.se\/index.php?rest_route=\/wp\/v2\/pages\/1584\/revisions\/1586"}],"wp:attachment":[{"href":"https:\/\/mglos.se\/index.php?rest_route=%2Fwp%2Fv2%2Fmedia&parent=1584"}],"curies":[{"name":"wp","href":"https:\/\/api.w.org\/{rel}","templated":true}]}}