{"id":1426,"date":"2022-01-06T14:48:21","date_gmt":"2022-01-06T13:48:21","guid":{"rendered":"https:\/\/mglos.se\/?page_id=1426"},"modified":"2022-01-06T15:03:13","modified_gmt":"2022-01-06T14:03:13","slug":"lasettan","status":"publish","type":"page","link":"https:\/\/mglos.se\/?page_id=1426","title":{"rendered":"L\u00e4sEttan"},"content":{"rendered":"\n<div class=\"wp-block-media-text alignwide is-stacked-on-mobile\" style=\"grid-template-columns:15% auto\"><figure class=\"wp-block-media-text__media\"><img decoding=\"async\" src=\"https:\/\/mglos.se\/wp-content\/uploads\/2022\/01\/LasEttan_bild.jpg\" alt=\"\" class=\"wp-image-1427 size-full\"\/><\/figure><div class=\"wp-block-media-text__content\">\n<div class=\"wp-block-group\"><div class=\"wp-block-group__inner-container is-layout-flow wp-block-group-is-layout-flow\">\n<div class=\"wp-block-columns is-layout-flex wp-container-core-columns-is-layout-9d6595d7 wp-block-columns-is-layout-flex\">\n<div class=\"wp-block-column is-layout-flow wp-block-column-is-layout-flow\" style=\"flex-basis:100%\">\n<h2><strong>Test i avkodning &amp; Bokstavsk\u00e4nnedom<\/strong><\/h2>\n\n\n\n<p>F\u00f6r kartl\u00e4ggning och s\u00e4kerst\u00e4llande av nyb\u00f6rjarl\u00e4sning<\/p>\n<\/div>\n<\/div>\n<\/div><\/div>\n<\/div><\/div>\n\n\n\n<p><strong><a href=\"https:\/\/www.nok.se\/titlar\/laromedel-b1\/lasettan\/\">Best\u00e4lls hos Natur och Kultur<\/a><\/strong><\/p>\n","protected":false},"excerpt":{"rendered":"<p>Best\u00e4lls hos Natur och Kultur<\/p>\n","protected":false},"author":1,"featured_media":0,"parent":0,"menu_order":0,"comment_status":"closed","ping_status":"closed","template":"","meta":{"footnotes":""},"class_list":["post-1426","page","type-page","status-publish","hentry"],"_links":{"self":[{"href":"https:\/\/mglos.se\/index.php?rest_route=\/wp\/v2\/pages\/1426","targetHints":{"allow":["GET"]}}],"collection":[{"href":"https:\/\/mglos.se\/index.php?rest_route=\/wp\/v2\/pages"}],"about":[{"href":"https:\/\/mglos.se\/index.php?rest_route=\/wp\/v2\/types\/page"}],"author":[{"embeddable":true,"href":"https:\/\/mglos.se\/index.php?rest_route=\/wp\/v2\/users\/1"}],"replies":[{"embeddable":true,"href":"https:\/\/mglos.se\/index.php?rest_route=%2Fwp%2Fv2%2Fcomments&post=1426"}],"version-history":[{"count":8,"href":"https:\/\/mglos.se\/index.php?rest_route=\/wp\/v2\/pages\/1426\/revisions"}],"predecessor-version":[{"id":1437,"href":"https:\/\/mglos.se\/index.php?rest_route=\/wp\/v2\/pages\/1426\/revisions\/1437"}],"wp:attachment":[{"href":"https:\/\/mglos.se\/index.php?rest_route=%2Fwp%2Fv2%2Fmedia&parent=1426"}],"curies":[{"name":"wp","href":"https:\/\/api.w.org\/{rel}","templated":true}]}}