{"id":140,"date":"2016-03-14T09:59:41","date_gmt":"2016-03-14T07:59:41","guid":{"rendered":"http:\/\/www.mglos.se\/wp\/?page_id=140"},"modified":"2022-01-05T17:45:08","modified_gmt":"2022-01-05T16:45:08","slug":"instruktionsfilmer","status":"publish","type":"page","link":"https:\/\/mglos.se\/?page_id=140","title":{"rendered":"Instruktionsfilmer"},"content":{"rendered":"\n<h2 class=\"wp-block-heading\"><b><\/b><a href=\"https:\/\/mglos.se\/wp-content\/uploads\/2016\/03\/filmikon1-e1457942845301.png\"><img loading=\"lazy\" decoding=\"async\" class=\"alignnone size-full wp-image-982\" src=\"https:\/\/mglos.se\/wp-content\/uploads\/2016\/03\/filmikon1-e1457942845301.png\" alt=\"\" width=\"75\" height=\"51\"><\/a><\/h2>\n\n\n\n<p><a href=\"https:\/\/mglos.se\/arkivet\/Hur_larare_kommer_igang_med_MG_Program_2015.mp4\" target=\"_blank\" rel=\"noopener\"><span style=\"font-size: small;\"><b>Filmklipp Hur l\u00e4rare kommer ig\u00e5ng med MG Program 2015.<\/b><\/span><\/a><\/p>\n\n\n\n<p><a href=\"https:\/\/mglos.se\/arkivet\/Hur_eleven_kommer_igang_med_MG_Program_2015.mp4\" target=\"_blank\" rel=\"noopener\"><span style=\"font-size: small;\"><b>Filmklipp Hur eleven kommer ig\u00e5ng med MG Program 2015.<\/b><\/span><\/a><\/p>\n\n\n\n<p><a href=\"https:\/\/mglos.se\/arkivet\/Hur_eleven_valjer_ovning.mp4\" target=\"_blank\" rel=\"noopener\"><span style=\"font-size: small;\"><b>Filmklipp Hur eleven v\u00e4ljer \u00f6vning i MG Program 2015.<\/b><\/span><\/a><\/p>\n\n\n\n<p><a href=\"https:\/\/mglos.se\/arkivet\/Hur_eleven_gor_sina_installningar.mp4\" target=\"_blank\" rel=\"noopener\"><span style=\"font-size: small;\"><b>Filmklipp Hur eleven g\u00f6r sina inst\u00e4llningar i MG Prog<\/b><\/span><span style=\"font-size: small;\"><b>r<\/b><\/span><span style=\"font-size: small;\"><b>am 2015.<\/b><\/span><\/a><\/p>\n\n\n\n<p><strong><span style=\"font-size: small;\"><a href=\"https:\/\/mglos.se\/arkivet\/Hur_eleven_tranar_i_LasSkriv.mp4\" target=\"_blank\" rel=\"noopener\">Filmklipp p\u00e5 tr\u00e4ning i L\u00e4s-Skriv<\/a><\/span><\/strong><\/p>\n\n\n\n<p><a href=\"https:\/\/mglos.se\/arkivet\/Hur_elever_tranar_i_Hitta_ord.mp4\" target=\"_blank\" rel=\"noopener\"><span style=\"font-size: small;\"><b>Filmklipp Hur eleven tr\u00e4nar i Hitta Ord \u00f6vningar<\/b><\/span><\/a><\/p>\n\n\n\n<p><b> <\/b><a href=\"https:\/\/mglos.se\/arkivet\/En_elevs_genomforda_ovningar.mp4\" target=\"_blank\" rel=\"noopener\"><span style=\"font-size: small;\"><b>Filmklipp En elevs genomf\u00f6rda \u00f6vningar<\/b><\/span><\/a><\/p>\n\n\n\n<p><b> <\/b><a href=\"https:\/\/mglos.se\/arkivet\/Lagga_upp_traning.mp4\" target=\"_blank\" rel=\"noopener\"><span style=\"font-size: small;\"><b>Filmklipp Hur l\u00e4rare l\u00e4gger upp elevers tr\u00e4ning<\/b><\/span><\/a><\/p>\n\n\n\n<p><\/p>\n","protected":false},"excerpt":{"rendered":"<p>Filmklipp Hur l\u00e4rare kommer ig\u00e5ng med MG Program 2015. Filmklipp Hur eleven kommer ig\u00e5ng med MG Program 2015. Filmklipp Hur eleven v\u00e4ljer \u00f6vning i MG Program 2015. Filmklipp Hur eleven g\u00f6r sina inst\u00e4llningar i MG Program 2015. Filmklipp p\u00e5 tr\u00e4ning &hellip; <a href=\"https:\/\/mglos.se\/?page_id=140\">Forts\u00e4tt l\u00e4sa <span class=\"meta-nav\">&rarr;<\/span><\/a> <a href=\"https:\/\/mglos.se\/?page_id=140\">Forts\u00e4tt l\u00e4sa <span class=\"meta-nav\">&rarr;<\/span><\/a><\/p>\n","protected":false},"author":2,"featured_media":0,"parent":0,"menu_order":0,"comment_status":"closed","ping_status":"closed","template":"","meta":{"footnotes":""},"class_list":["post-140","page","type-page","status-publish","hentry"],"_links":{"self":[{"href":"https:\/\/mglos.se\/index.php?rest_route=\/wp\/v2\/pages\/140","targetHints":{"allow":["GET"]}}],"collection":[{"href":"https:\/\/mglos.se\/index.php?rest_route=\/wp\/v2\/pages"}],"about":[{"href":"https:\/\/mglos.se\/index.php?rest_route=\/wp\/v2\/types\/page"}],"author":[{"embeddable":true,"href":"https:\/\/mglos.se\/index.php?rest_route=\/wp\/v2\/users\/2"}],"replies":[{"embeddable":true,"href":"https:\/\/mglos.se\/index.php?rest_route=%2Fwp%2Fv2%2Fcomments&post=140"}],"version-history":[{"count":2,"href":"https:\/\/mglos.se\/index.php?rest_route=\/wp\/v2\/pages\/140\/revisions"}],"predecessor-version":[{"id":1380,"href":"https:\/\/mglos.se\/index.php?rest_route=\/wp\/v2\/pages\/140\/revisions\/1380"}],"wp:attachment":[{"href":"https:\/\/mglos.se\/index.php?rest_route=%2Fwp%2Fv2%2Fmedia&parent=140"}],"curies":[{"name":"wp","href":"https:\/\/api.w.org\/{rel}","templated":true}]}}