{"id":1278,"date":"2022-01-04T14:42:33","date_gmt":"2022-01-04T13:42:33","guid":{"rendered":"https:\/\/mglos.se\/?page_id=1278"},"modified":"2026-02-18T11:31:18","modified_gmt":"2026-02-18T10:31:18","slug":"anmalan-kurs-mg-program","status":"publish","type":"page","link":"https:\/\/mglos.se\/?page_id=1278","title":{"rendered":"Anm\u00e4lan kurs MG-program"},"content":{"rendered":"\n<p><a><strong>Kurs p\u00e5 praktisk tryckning p\u00e5 MG<\/strong><\/a><strong> program \u2013 inst\u00e4lld i v\u00e4ntan p\u00e5 att version f\u00f6r webbl\u00e4sare ska bli klar<\/strong><\/p>\n\n\n\n<p>Jag\/vi anm\u00e4ler intresse f\u00f6r att en heldagskurs p\u00e5 praktisk tryckning p\u00e5 MG program 2015.<\/p>\n\n\n\n<p>N\u00e4r: Kurserna planeras efter \u00f6nskem\u00e5l fr\u00e5n deltagare. Heldag 9.00-15.30.<\/p>\n\n\n\n<p>Pris: Pris 900 kr om du har nya versionen av programmet annars 1200 kr. Fika f\u00f6r- och eftermiddag ing\u00e5r. Priserna \u00e4r exklusive moms.<\/p>\n\n\n\n<p>Antal deltagare: Minst 8  och max 12.<\/p>\n\n\n\n<p>Ort\/plats d\u00e4r jag \/vi vill att kursen ska h\u00e5llas.<\/p>\n\n\n\n<h2 class=\"wp-block-heading\"><strong>_________________________________________<\/strong><\/h2>\n\n\n\n<p>Vecka och veckodag d\u00e5 jag\/vi \u00f6nskar att kursen h\u00e5lls.<\/p>\n\n\n\n<p><strong>________________________________________________________<\/strong><\/p>\n\n\n\n<p>Jag\/vi kan ta med egen dator till kursen (Windows g\u00e4ller). Dator g\u00e5r att hyra.&nbsp;&nbsp;&nbsp;&nbsp;&nbsp;&nbsp;&nbsp;&nbsp;&nbsp;&nbsp;&nbsp;&nbsp;&nbsp;&nbsp;&nbsp;&nbsp;&nbsp;&nbsp;&nbsp;&nbsp;&nbsp;&nbsp;&nbsp;&nbsp;&nbsp;&nbsp;&nbsp;&nbsp;&nbsp;&nbsp;&nbsp;&nbsp; Har man med egen dator f\u00e5r man beh\u00e5lla programmet utan kostnad en m\u00e5nad efter kursen.<\/p>\n\n\n\n<p><a><span class=\"has-inline-color has-black-color\">Jag\/vi som \u00e4r intresserade av kursen \u00e4r:<\/span><\/a><\/p>\n\n\n\n<p><strong>Namn:<\/strong><\/p>\n\n\n\n<p>________________________________________________________<\/p>\n\n\n\n<p>Befattning:<\/p>\n\n\n\n<p>________________________________________________________<\/p>\n\n\n\n<p><strong>E-post adress:<\/strong><br>________________________________________________________<\/p>\n\n\n\n<p><strong>Telefon:<\/strong><br>_______________________________________<\/p>\n\n\n\n<p><strong>Skola:<\/strong><br>____________________________________________________<\/p>\n\n\n\n<p><strong>Kommun:<\/strong><br>_____________________________________________________<\/p>\n\n\n\n<p>Intresseanm\u00e4lan kan skickas p\u00e5 e-post till:<\/p>\n\n\n\n<p>&nbsp; <a href=\"mailto:maj-gun@mglos.se\">maj-gun@mglos.se<\/a>&nbsp;&nbsp; eller till postadressen:<\/p>\n\n\n\n<p>&nbsp;&nbsp;MG L\u00e4s- och Skrivkonsult AB<\/p>\n\n\n\n<p>&nbsp; Sommarslingan 32,&nbsp; 832 96 Fr\u00f6s\u00f6n<\/p>\n\n\n\n<p>H\u00e4r kan du skriva in eventuella \u00f6vriga \u00f6nskem\u00e5l.<\/p>\n\n\n\n<p>________________________________________________________________<\/p>\n\n\n\n<p>________________________________________________________________<\/p>\n\n\n\n<p>________________________________________________________________<\/p>\n","protected":false},"excerpt":{"rendered":"<p>Kurs p\u00e5 praktisk tryckning p\u00e5 MG program \u2013 inst\u00e4lld i v\u00e4ntan p\u00e5 att version f\u00f6r webbl\u00e4sare ska bli klar Jag\/vi anm\u00e4ler intresse f\u00f6r att en heldagskurs p\u00e5 praktisk tryckning p\u00e5 MG program 2015. N\u00e4r: Kurserna planeras efter \u00f6nskem\u00e5l fr\u00e5n deltagare. &hellip; <a href=\"https:\/\/mglos.se\/?page_id=1278\">Forts\u00e4tt l\u00e4sa <span class=\"meta-nav\">&rarr;<\/span><\/a><\/p>\n","protected":false},"author":1,"featured_media":0,"parent":0,"menu_order":0,"comment_status":"closed","ping_status":"closed","template":"","meta":{"footnotes":""},"class_list":["post-1278","page","type-page","status-publish","hentry"],"_links":{"self":[{"href":"https:\/\/mglos.se\/index.php?rest_route=\/wp\/v2\/pages\/1278","targetHints":{"allow":["GET"]}}],"collection":[{"href":"https:\/\/mglos.se\/index.php?rest_route=\/wp\/v2\/pages"}],"about":[{"href":"https:\/\/mglos.se\/index.php?rest_route=\/wp\/v2\/types\/page"}],"author":[{"embeddable":true,"href":"https:\/\/mglos.se\/index.php?rest_route=\/wp\/v2\/users\/1"}],"replies":[{"embeddable":true,"href":"https:\/\/mglos.se\/index.php?rest_route=%2Fwp%2Fv2%2Fcomments&post=1278"}],"version-history":[{"count":4,"href":"https:\/\/mglos.se\/index.php?rest_route=\/wp\/v2\/pages\/1278\/revisions"}],"predecessor-version":[{"id":2342,"href":"https:\/\/mglos.se\/index.php?rest_route=\/wp\/v2\/pages\/1278\/revisions\/2342"}],"wp:attachment":[{"href":"https:\/\/mglos.se\/index.php?rest_route=%2Fwp%2Fv2%2Fmedia&parent=1278"}],"curies":[{"name":"wp","href":"https:\/\/api.w.org\/{rel}","templated":true}]}}