{"id":106,"date":"2016-02-22T22:54:33","date_gmt":"2016-02-22T20:54:33","guid":{"rendered":"http:\/\/www.mglos.se\/wp\/?page_id=106"},"modified":"2022-01-11T11:52:02","modified_gmt":"2022-01-11T10:52:02","slug":"korta-fakta-om-den-nya-versionen","status":"publish","type":"page","link":"https:\/\/mglos.se\/?page_id=106","title":{"rendered":"Korta fakta om 2015-versionen"},"content":{"rendered":"\n<figure class=\"wp-block-image size-full is-resized\"><img loading=\"lazy\" decoding=\"async\" src=\"https:\/\/mglos.se\/wp-content\/uploads\/2016\/02\/MG_Gul_Bla.bmp\" alt=\"\" class=\"wp-image-887\" width=\"70\" height=\"67\"\/><\/figure>\n\n\n<p>MG programmen har kontinuerligt utvecklats och utv\u00e4rderats sedan 1988 och i version 2015 har flash-cardprogrammen, det vill s\u00e4ga L\u00e4s-Skriv (bl\u00e5 gubbe) och Hitta Ord (gul gubbe) slagits samman och f\u00f6ljande nyheter har tillkommit.<\/p>\n<p>MG program 2015 \u00e4r ett Windows-program som&nbsp;ansluter till en gemensam server med databas som ligger i Microsofts molntj\u00e4nst. Programmet kr\u00e4ver d\u00e4rmed internetuppkoppling. Det g\u00e5r att installera och k\u00f6ra programmet p\u00e5 valfritt antal datorer &#8211; p\u00e5 skolan, hemma eller n\u00e5gon annanstans. Begr\u00e4nsningen \u00e4r att en elev eller l\u00e4rare bara kan k\u00f6ra programmet p\u00e5 en dator \u00e5t g\u00e5ngen.<\/p>\n<p>L\u00e4rare kan som tidigare skriva in egna \u00f6vningar, men dessa kan nu \u00e4ven delas ut till andra l\u00e4rare. Vid utdelning g\u00e5r det att v\u00e4lja om \u00f6vningarna ska vara tillg\u00e4ngliga f\u00f6r alla l\u00e4rare eller enbart f\u00f6r l\u00e4rare som tillh\u00f6r samma licens.<\/p>\n<p>L\u00e4rare har tillg\u00e5ng till alla Maj-Gun Johanssons utdelade \u00f6vningar. Det r\u00f6r sig i dagsl\u00e4get om cirka 750 \u00f6vningar, \u00e4ven engelska \u00f6vningar ing\u00e5r. \u00d6vningarna kan enkelt filtreras fram efter \u00e5rskurs, \u00e4mne, rubrik etc.<\/p>\n<p>Det tidigare begreppet bokfiler \u00e4r nu borta och ist\u00e4llet kan l\u00e4rare skapa egna \u00f6vningspaket med valda \u00f6vningar fr\u00e5n den gemensamma databasen.<\/p>\n<p>Relationen mellan l\u00e4rare och elev har f\u00f6rst\u00e4rkts utan att avkall har gjorts p\u00e5 elevens tidigare m\u00f6jlighet till sj\u00e4lvst\u00e4ndig tr\u00e4ning. I den nya versionen m\u00e5ste l\u00e4raren f\u00f6re tr\u00e4ningen tilldela eleven \u00f6vningar\/\u00f6vningspaket. Hur eleven klarat av sin tr\u00e4ning kan l\u00e4raren sedan noggrant f\u00f6lja upp i resultatloggar, som f\u00e5tt ut\u00f6kade analysm\u00f6jligheter. Det betyder att det kr\u00e4vs en mer aktiv styrning av l\u00e4rare \u00e4n tidigare.<\/p>\n<p>L\u00e4raren hanterar sj\u00e4lv sina elever, l\u00e4gger upp nya elever i databasen och tilldelar dem inloggningsuppgifter. L\u00e4raren kan ha&nbsp;fler antal&nbsp;elever \u00e4n antalet tilldelade inloggningskonton, men det \u00e4r bara de elever som f\u00f6r tillf\u00e4llet har giltiga inloggningsuppgifter som kan k\u00f6ra programmet. Sj\u00e4lvfallet kan l\u00e4raren ocks\u00e5 ta bort en elev och dennes resultat ur databasen.<\/p>\n<p>De tillg\u00e4ngliga funktionerna i programmet anpassas till den aktuella rollen. Det tre olika rollerna \u00e4r l\u00e4rare, elev eller administrat\u00f6r. En elev kan exempelvis tr\u00e4na och titta p\u00e5 sina genomf\u00f6rda \u00f6vningar. L\u00e4rare har tillg\u00e5ng till flera funktioner i programmet som inte elever har, men just&nbsp;tr\u00e4ningsfunktionen \u00e4r enbart tillg\u00e4nglig f\u00f6r&nbsp;elever.<\/p>\n<p>Tekniska krav:<\/p>\n<p style=\"padding-left: 30px;\">Operativsystem: Windows 7 \u2013 10<br>Plats p\u00e5 lokal h\u00e5rddisk: Totalt cirka 30 Mb<br>Processor, minne: Inga speciella krav.<br>Bildsk\u00e4rm uppl\u00f6sning min bredd: 1280<br>Bildsk\u00e4rm uppl\u00f6sning min h\u00f6jd: 768<br>Inspelat ljud: Vanligt ljudkort, inga speciella krav.<br>Talsyntes: Inget krav, men programmet kan nyttja MS Speech API 5.X kompatibla talsynteser.<br>Anslutning till internet: Ja (port 443)<\/p>","protected":false},"excerpt":{"rendered":"<p>MG programmen har kontinuerligt utvecklats och utv\u00e4rderats sedan 1988 och i version 2015 har flash-cardprogrammen, det vill s\u00e4ga L\u00e4s-Skriv (bl\u00e5 gubbe) och Hitta Ord (gul gubbe) slagits samman och f\u00f6ljande nyheter har tillkommit. MG program 2015 \u00e4r ett Windows-program som&nbsp;ansluter &hellip; <a href=\"https:\/\/mglos.se\/?page_id=106\">Forts\u00e4tt l\u00e4sa <span class=\"meta-nav\">&rarr;<\/span><\/a> <a href=\"https:\/\/mglos.se\/?page_id=106\">Forts\u00e4tt l\u00e4sa <span class=\"meta-nav\">&rarr;<\/span><\/a><\/p>\n","protected":false},"author":2,"featured_media":0,"parent":0,"menu_order":0,"comment_status":"closed","ping_status":"closed","template":"","meta":{"footnotes":""},"class_list":["post-106","page","type-page","status-publish","hentry"],"_links":{"self":[{"href":"https:\/\/mglos.se\/index.php?rest_route=\/wp\/v2\/pages\/106","targetHints":{"allow":["GET"]}}],"collection":[{"href":"https:\/\/mglos.se\/index.php?rest_route=\/wp\/v2\/pages"}],"about":[{"href":"https:\/\/mglos.se\/index.php?rest_route=\/wp\/v2\/types\/page"}],"author":[{"embeddable":true,"href":"https:\/\/mglos.se\/index.php?rest_route=\/wp\/v2\/users\/2"}],"replies":[{"embeddable":true,"href":"https:\/\/mglos.se\/index.php?rest_route=%2Fwp%2Fv2%2Fcomments&post=106"}],"version-history":[{"count":2,"href":"https:\/\/mglos.se\/index.php?rest_route=\/wp\/v2\/pages\/106\/revisions"}],"predecessor-version":[{"id":1789,"href":"https:\/\/mglos.se\/index.php?rest_route=\/wp\/v2\/pages\/106\/revisions\/1789"}],"wp:attachment":[{"href":"https:\/\/mglos.se\/index.php?rest_route=%2Fwp%2Fv2%2Fmedia&parent=106"}],"curies":[{"name":"wp","href":"https:\/\/api.w.org\/{rel}","templated":true}]}}